{"id":35,"date":"2026-03-04T19:36:48","date_gmt":"2026-03-04T18:36:48","guid":{"rendered":"http:\/\/imsconsorting.com\/portfolio\/"},"modified":"2026-03-04T19:44:38","modified_gmt":"2026-03-04T18:44:38","slug":"portfolio","status":"publish","type":"page","link":"http:\/\/imsconsorting.com\/en\/portfolio\/","title":{"rendered":"Portfolio"},"content":{"rendered":"<div class=\"wp-block-group alignfull is-style-ext-preset--group--natural-1--section has-background-background-color has-background has-global-padding is-layout-constrained wp-container-core-group-is-layout-843e5a6d wp-block-group-is-layout-constrained\" id=\"o-nas\" style=\"margin-top:0;margin-bottom:0;padding-top:var(--wp--preset--spacing--70);padding-bottom:var(--wp--preset--spacing--70)\">\n<h2 class=\"wp-block-heading has-text-align-center ext-animate--on\">Profesjonalne doradztwo w zakresie infrastruktury technicznej<\/h2>\n\n\n\n<p class=\"has-text-align-center ext-animate--on\" style=\"margin-top:1.5rem\">Przedstawiamy zaanga\u017cowanie IMSConsorting w innowacyjne rozwi\u0105zania, kt\u00f3re zwi\u0119kszaj\u0105 efektywno\u015b\u0107 i niezawodno\u015b\u0107 infrastruktury.<\/p>\n\n\n\n<figure class=\"wp-block-image is-style-ext-preset-image-natural-1-image-1--content-any is-style-ext-preset--image--natural-1--image-1--content-any ext-animate--on is-style-ext-preset--image--natural-1--image-1--content-any--2\"><img loading=\"lazy\" decoding=\"async\" width=\"1440\" height=\"960\" class=\"wp-image-66\" src=\"http:\/\/imsconsorting.com\/wp-content\/uploads\/2026\/03\/a4fb3b27e88b547afed0bf6b716c43cc0a7aa26f.jpg\" alt=\"\" style=\"aspect-ratio:16\/9;object-fit:cover\" srcset=\"http:\/\/imsconsorting.com\/wp-content\/uploads\/2026\/03\/a4fb3b27e88b547afed0bf6b716c43cc0a7aa26f.jpg 1440w, http:\/\/imsconsorting.com\/wp-content\/uploads\/2026\/03\/a4fb3b27e88b547afed0bf6b716c43cc0a7aa26f-300x200.jpg 300w, http:\/\/imsconsorting.com\/wp-content\/uploads\/2026\/03\/a4fb3b27e88b547afed0bf6b716c43cc0a7aa26f-1024x683.jpg 1024w, http:\/\/imsconsorting.com\/wp-content\/uploads\/2026\/03\/a4fb3b27e88b547afed0bf6b716c43cc0a7aa26f-768x512.jpg 768w, http:\/\/imsconsorting.com\/wp-content\/uploads\/2026\/03\/a4fb3b27e88b547afed0bf6b716c43cc0a7aa26f-18x12.jpg 18w\" sizes=\"auto, (max-width: 1440px) 100vw, 1440px\" \/><\/figure>\n<\/div>\n\n<div class=\"wp-block-group alignfull is-style-ext-preset--group--natural-1--section has-tertiary-background-color has-background has-global-padding is-layout-constrained wp-container-core-group-is-layout-f72f1611 wp-block-group-is-layout-constrained\" id=\"galeria\" style=\"margin-top:0;margin-bottom:0;padding-top:var(--wp--preset--spacing--70);padding-bottom:var(--wp--preset--spacing--70)\">\n<div class=\"wp-block-group alignwide ext-is-logical-start has-global-padding is-content-justification-left is-layout-constrained wp-container-core-group-is-layout-6729bdbe wp-block-group-is-layout-constrained\">\n<h2 class=\"wp-block-heading ext-animate--on\">Innowacyjne rozwi\u0105zania infrastrukturalne<\/h2>\n\n\n\n<p class=\"has-text-align-left ext-animate--on\">Przedstawiamy wybrane projekty ilustruj\u0105ce nasz\u0105 wiedz\u0119 i do\u015bwiadczenie w bran\u017cy in\u017cynieryjnej.<\/p>\n<\/div>\n\n\n\n<div class=\"wp-block-columns alignwide are-vertically-aligned-top is-layout-flex wp-container-core-columns-is-layout-87beb0d0 wp-block-columns-is-layout-flex\">\n<div class=\"wp-block-column is-vertically-aligned-top ext-animate--on is-layout-flow wp-container-core-column-is-layout-f5bb311e wp-block-column-is-layout-flow\">\n<figure class=\"wp-block-image is-style-ext-preset--image--natural-1--image-1--content-bottom is-style-ext-preset--image--natural-1--image-1--content-bottom--4\"><img loading=\"lazy\" decoding=\"async\" width=\"1440\" height=\"810\" class=\"wp-image-52\" src=\"http:\/\/imsconsorting.com\/wp-content\/uploads\/2026\/03\/08945be98ecdba81dca8e1b57fc1deac5b2bd74b.jpg\" alt=\"\" style=\"aspect-ratio:1;object-fit:cover\" srcset=\"http:\/\/imsconsorting.com\/wp-content\/uploads\/2026\/03\/08945be98ecdba81dca8e1b57fc1deac5b2bd74b.jpg 1440w, http:\/\/imsconsorting.com\/wp-content\/uploads\/2026\/03\/08945be98ecdba81dca8e1b57fc1deac5b2bd74b-300x169.jpg 300w, http:\/\/imsconsorting.com\/wp-content\/uploads\/2026\/03\/08945be98ecdba81dca8e1b57fc1deac5b2bd74b-1024x576.jpg 1024w, http:\/\/imsconsorting.com\/wp-content\/uploads\/2026\/03\/08945be98ecdba81dca8e1b57fc1deac5b2bd74b-768x432.jpg 768w, http:\/\/imsconsorting.com\/wp-content\/uploads\/2026\/03\/08945be98ecdba81dca8e1b57fc1deac5b2bd74b-18x10.jpg 18w\" sizes=\"auto, (max-width: 1440px) 100vw, 1440px\" \/><\/figure>\n\n\n\n<figure class=\"wp-block-image is-style-ext-preset--image--natural-1--image-1--content-bottom is-style-ext-preset--image--natural-1--image-1--content-bottom--5\"><img loading=\"lazy\" decoding=\"async\" width=\"1440\" height=\"961\" class=\"wp-image-67\" src=\"http:\/\/imsconsorting.com\/wp-content\/uploads\/2026\/03\/12a9edf5bf6d9dbab0060e6be3f53f6b2aef87c5.jpg\" alt=\"\" style=\"aspect-ratio:1;object-fit:cover\" srcset=\"http:\/\/imsconsorting.com\/wp-content\/uploads\/2026\/03\/12a9edf5bf6d9dbab0060e6be3f53f6b2aef87c5.jpg 1440w, http:\/\/imsconsorting.com\/wp-content\/uploads\/2026\/03\/12a9edf5bf6d9dbab0060e6be3f53f6b2aef87c5-300x200.jpg 300w, http:\/\/imsconsorting.com\/wp-content\/uploads\/2026\/03\/12a9edf5bf6d9dbab0060e6be3f53f6b2aef87c5-1024x683.jpg 1024w, http:\/\/imsconsorting.com\/wp-content\/uploads\/2026\/03\/12a9edf5bf6d9dbab0060e6be3f53f6b2aef87c5-768x513.jpg 768w, http:\/\/imsconsorting.com\/wp-content\/uploads\/2026\/03\/12a9edf5bf6d9dbab0060e6be3f53f6b2aef87c5-18x12.jpg 18w\" sizes=\"auto, (max-width: 1440px) 100vw, 1440px\" \/><\/figure>\n<\/div>\n\n\n\n<div class=\"wp-block-column is-vertically-aligned-top ext-animate--on is-layout-flow wp-container-core-column-is-layout-f5bb311e wp-block-column-is-layout-flow\">\n<figure class=\"wp-block-image is-style-ext-preset--image--natural-1--image-1--content-bottom is-style-ext-preset--image--natural-1--image-1--content-bottom--6\"><img loading=\"lazy\" decoding=\"async\" width=\"1440\" height=\"960\" class=\"wp-image-66\" src=\"http:\/\/imsconsorting.com\/wp-content\/uploads\/2026\/03\/a4fb3b27e88b547afed0bf6b716c43cc0a7aa26f.jpg\" alt=\"\" style=\"aspect-ratio:1;object-fit:cover\" srcset=\"http:\/\/imsconsorting.com\/wp-content\/uploads\/2026\/03\/a4fb3b27e88b547afed0bf6b716c43cc0a7aa26f.jpg 1440w, http:\/\/imsconsorting.com\/wp-content\/uploads\/2026\/03\/a4fb3b27e88b547afed0bf6b716c43cc0a7aa26f-300x200.jpg 300w, http:\/\/imsconsorting.com\/wp-content\/uploads\/2026\/03\/a4fb3b27e88b547afed0bf6b716c43cc0a7aa26f-1024x683.jpg 1024w, http:\/\/imsconsorting.com\/wp-content\/uploads\/2026\/03\/a4fb3b27e88b547afed0bf6b716c43cc0a7aa26f-768x512.jpg 768w, http:\/\/imsconsorting.com\/wp-content\/uploads\/2026\/03\/a4fb3b27e88b547afed0bf6b716c43cc0a7aa26f-18x12.jpg 18w\" sizes=\"auto, (max-width: 1440px) 100vw, 1440px\" \/><\/figure>\n\n\n\n<figure class=\"wp-block-image is-style-ext-preset--image--natural-1--image-1--content-bottom is-style-ext-preset--image--natural-1--image-1--content-bottom--7\"><img loading=\"lazy\" decoding=\"async\" width=\"1440\" height=\"959\" class=\"wp-image-54\" src=\"http:\/\/imsconsorting.com\/wp-content\/uploads\/2026\/03\/9b2c33b82aaa5b5f2cbd135439c3d7648b2aa95c.jpg\" alt=\"\" style=\"aspect-ratio:1;object-fit:cover\" srcset=\"http:\/\/imsconsorting.com\/wp-content\/uploads\/2026\/03\/9b2c33b82aaa5b5f2cbd135439c3d7648b2aa95c.jpg 1440w, http:\/\/imsconsorting.com\/wp-content\/uploads\/2026\/03\/9b2c33b82aaa5b5f2cbd135439c3d7648b2aa95c-300x200.jpg 300w, http:\/\/imsconsorting.com\/wp-content\/uploads\/2026\/03\/9b2c33b82aaa5b5f2cbd135439c3d7648b2aa95c-1024x682.jpg 1024w, http:\/\/imsconsorting.com\/wp-content\/uploads\/2026\/03\/9b2c33b82aaa5b5f2cbd135439c3d7648b2aa95c-768x511.jpg 768w, http:\/\/imsconsorting.com\/wp-content\/uploads\/2026\/03\/9b2c33b82aaa5b5f2cbd135439c3d7648b2aa95c-18x12.jpg 18w\" sizes=\"auto, (max-width: 1440px) 100vw, 1440px\" \/><\/figure>\n<\/div>\n\n\n\n<div class=\"wp-block-column is-vertically-aligned-top ext-animate--on is-layout-flow wp-container-core-column-is-layout-f5bb311e wp-block-column-is-layout-flow\">\n<figure class=\"wp-block-image is-style-ext-preset--image--natural-1--image-1--content-bottom is-style-ext-preset--image--natural-1--image-1--content-bottom--8\"><img loading=\"lazy\" decoding=\"async\" width=\"1440\" height=\"960\" class=\"wp-image-63\" src=\"http:\/\/imsconsorting.com\/wp-content\/uploads\/2026\/03\/e6f5ca23e9f79dc090d66ce4f06ddbde6c6e9b0b.jpg\" alt=\"\" style=\"aspect-ratio:1;object-fit:cover\" srcset=\"http:\/\/imsconsorting.com\/wp-content\/uploads\/2026\/03\/e6f5ca23e9f79dc090d66ce4f06ddbde6c6e9b0b.jpg 1440w, http:\/\/imsconsorting.com\/wp-content\/uploads\/2026\/03\/e6f5ca23e9f79dc090d66ce4f06ddbde6c6e9b0b-300x200.jpg 300w, http:\/\/imsconsorting.com\/wp-content\/uploads\/2026\/03\/e6f5ca23e9f79dc090d66ce4f06ddbde6c6e9b0b-1024x683.jpg 1024w, http:\/\/imsconsorting.com\/wp-content\/uploads\/2026\/03\/e6f5ca23e9f79dc090d66ce4f06ddbde6c6e9b0b-768x512.jpg 768w, http:\/\/imsconsorting.com\/wp-content\/uploads\/2026\/03\/e6f5ca23e9f79dc090d66ce4f06ddbde6c6e9b0b-18x12.jpg 18w\" sizes=\"auto, (max-width: 1440px) 100vw, 1440px\" \/><\/figure>\n\n\n\n<figure class=\"wp-block-image is-style-ext-preset--image--natural-1--image-1--content-bottom is-style-ext-preset--image--natural-1--image-1--content-bottom--9\"><img loading=\"lazy\" decoding=\"async\" width=\"1440\" height=\"1049\" class=\"wp-image-68\" src=\"http:\/\/imsconsorting.com\/wp-content\/uploads\/2026\/03\/664c1683c04cf69f0a23a430a848951215dee478.jpg\" alt=\"\" style=\"aspect-ratio:1;object-fit:cover\" srcset=\"http:\/\/imsconsorting.com\/wp-content\/uploads\/2026\/03\/664c1683c04cf69f0a23a430a848951215dee478.jpg 1440w, http:\/\/imsconsorting.com\/wp-content\/uploads\/2026\/03\/664c1683c04cf69f0a23a430a848951215dee478-300x219.jpg 300w, http:\/\/imsconsorting.com\/wp-content\/uploads\/2026\/03\/664c1683c04cf69f0a23a430a848951215dee478-1024x746.jpg 1024w, http:\/\/imsconsorting.com\/wp-content\/uploads\/2026\/03\/664c1683c04cf69f0a23a430a848951215dee478-768x559.jpg 768w, http:\/\/imsconsorting.com\/wp-content\/uploads\/2026\/03\/664c1683c04cf69f0a23a430a848951215dee478-16x12.jpg 16w\" sizes=\"auto, (max-width: 1440px) 100vw, 1440px\" \/><\/figure>\n<\/div>\n<\/div>\n<\/div>\n\n<div class=\"wp-block-group alignfull is-style-ext-preset--group--natural-1--section has-background-background-color has-background has-global-padding is-layout-constrained wp-container-core-group-is-layout-e955bbaf wp-block-group-is-layout-constrained\" style=\"margin-top:0;margin-bottom:0;padding-top:var(--wp--preset--spacing--70);padding-bottom:var(--wp--preset--spacing--70)\">\n<h2 class=\"wp-block-heading has-text-align-center ext-animate--on\">Sukcesy naszych klient\u00f3w w innowacyjnych projektach in\u017cynieryjnych<\/h2>\n\n\n\n<p class=\"has-text-align-center ext-animate--on\" style=\"margin-top:1.5rem\">Przedstawiamy szczeg\u00f3\u0142owo nasze realizacje, aby pokaza\u0107, jak IMSConsorting przekszta\u0142ca infrastruktur\u0119 techniczn\u0105 w praktyce.<\/p>\n\n\n\n<div class=\"wp-block-columns alignwide are-vertically-aligned-center is-layout-flex wp-container-core-columns-is-layout-174606dc wp-block-columns-is-layout-flex\">\n<div class=\"wp-block-column is-vertically-aligned-center ext-animate--on is-layout-flow wp-block-column-is-layout-flow\">\n<h3 class=\"wp-block-heading ext-animate--on\">Przyk\u0142ad skutecznej modernizacji infrastruktury technicznej<\/h3>\n\n\n\n<p class=\"ext-animate--on\" style=\"margin-top:1.5rem\">Opisujemy, jak nasze kompleksowe projekty zwi\u0119kszy\u0142y efektywno\u015b\u0107 i niezawodno\u015b\u0107 system\u00f3w energetycznych i telekomunikacyjnych.<\/p>\n<\/div>\n\n\n\n<div class=\"wp-block-column is-vertically-aligned-center ext-animate--on is-layout-flow wp-block-column-is-layout-flow\">\n<figure class=\"wp-block-image is-style-ext-preset--image--natural-1--image-1--content-left is-style-ext-preset--image--natural-1--image-1--content-left--11\"><img loading=\"lazy\" decoding=\"async\" width=\"1280\" height=\"1828\" class=\"wp-image-57\" src=\"http:\/\/imsconsorting.com\/wp-content\/uploads\/2026\/03\/2b783ce0fcce64ff67550eff598174e761599f21.jpg\" alt=\"\" style=\"aspect-ratio:4\/3;object-fit:cover\" srcset=\"http:\/\/imsconsorting.com\/wp-content\/uploads\/2026\/03\/2b783ce0fcce64ff67550eff598174e761599f21.jpg 1280w, http:\/\/imsconsorting.com\/wp-content\/uploads\/2026\/03\/2b783ce0fcce64ff67550eff598174e761599f21-210x300.jpg 210w, http:\/\/imsconsorting.com\/wp-content\/uploads\/2026\/03\/2b783ce0fcce64ff67550eff598174e761599f21-717x1024.jpg 717w, http:\/\/imsconsorting.com\/wp-content\/uploads\/2026\/03\/2b783ce0fcce64ff67550eff598174e761599f21-768x1097.jpg 768w, http:\/\/imsconsorting.com\/wp-content\/uploads\/2026\/03\/2b783ce0fcce64ff67550eff598174e761599f21-1076x1536.jpg 1076w, http:\/\/imsconsorting.com\/wp-content\/uploads\/2026\/03\/2b783ce0fcce64ff67550eff598174e761599f21-8x12.jpg 8w\" sizes=\"auto, (max-width: 1280px) 100vw, 1280px\" \/><\/figure>\n<\/div>\n<\/div>\n\n\n\n<div class=\"wp-block-columns alignwide are-vertically-aligned-center is-layout-flex wp-container-core-columns-is-layout-ed161d23 wp-block-columns-is-layout-flex\" style=\"margin-top:var(--wp--preset--spacing--50)\">\n<div class=\"wp-block-column is-vertically-aligned-center ext-animate--on is-layout-flow wp-block-column-is-layout-flow\">\n<figure class=\"wp-block-image is-style-ext-preset--image--natural-1--image-1--content-right is-style-ext-preset--image--natural-1--image-1--content-right--12\"><img loading=\"lazy\" decoding=\"async\" width=\"1280\" height=\"1920\" class=\"wp-image-56\" src=\"http:\/\/imsconsorting.com\/wp-content\/uploads\/2026\/03\/36a54e0622f55fe74c283ea0fec349967e420444.jpg\" alt=\"\" style=\"aspect-ratio:4\/3;object-fit:cover\" srcset=\"http:\/\/imsconsorting.com\/wp-content\/uploads\/2026\/03\/36a54e0622f55fe74c283ea0fec349967e420444.jpg 1280w, http:\/\/imsconsorting.com\/wp-content\/uploads\/2026\/03\/36a54e0622f55fe74c283ea0fec349967e420444-200x300.jpg 200w, http:\/\/imsconsorting.com\/wp-content\/uploads\/2026\/03\/36a54e0622f55fe74c283ea0fec349967e420444-683x1024.jpg 683w, http:\/\/imsconsorting.com\/wp-content\/uploads\/2026\/03\/36a54e0622f55fe74c283ea0fec349967e420444-768x1152.jpg 768w, http:\/\/imsconsorting.com\/wp-content\/uploads\/2026\/03\/36a54e0622f55fe74c283ea0fec349967e420444-1024x1536.jpg 1024w, http:\/\/imsconsorting.com\/wp-content\/uploads\/2026\/03\/36a54e0622f55fe74c283ea0fec349967e420444-8x12.jpg 8w\" sizes=\"auto, (max-width: 1280px) 100vw, 1280px\" \/><\/figure>\n<\/div>\n\n\n\n<div class=\"wp-block-column is-vertically-aligned-center ext-animate--on is-layout-flow wp-block-column-is-layout-flow\">\n<h3 class=\"wp-block-heading ext-animate--on\">D\u0142ugofalowe korzy\u015bci dzi\u0119ki innowacyjnym rozwi\u0105zaniom in\u017cynieryjnym<\/h3>\n\n\n\n<p class=\"ext-animate--on\" style=\"margin-top:1.5rem\">Analiza, jak wdro\u017cenie nowoczesnych technologii przyczyni\u0142o si\u0119 do optymalizacji i sukcesu inwestycji.<\/p>\n<\/div>\n<\/div>\n\n\n\n<div class=\"wp-block-columns alignwide are-vertically-aligned-center is-layout-flex wp-container-core-columns-is-layout-ed161d23 wp-block-columns-is-layout-flex\" style=\"margin-top:var(--wp--preset--spacing--50)\">\n<div class=\"wp-block-column is-vertically-aligned-center ext-animate--on is-layout-flow wp-block-column-is-layout-flow\">\n<h3 class=\"wp-block-heading ext-animate--on\">Nowa jako\u015b\u0107 w zarz\u0105dzaniu projektami infrastrukturalnymi<\/h3>\n\n\n\n<p class=\"ext-animate--on\" style=\"margin-top:1.5rem\">Prezentujemy, jak nasze us\u0142ugi projektowe usprawni\u0142y realizacj\u0119 inwestycji, obni\u017caj\u0105c koszty i podnosz\u0105c standardy bezpiecze\u0144stwa.<\/p>\n<\/div>\n\n\n\n<div class=\"wp-block-column is-vertically-aligned-center ext-animate--on is-layout-flow wp-block-column-is-layout-flow\">\n<figure class=\"wp-block-image is-style-ext-preset--image--natural-1--image-1--content-left is-style-ext-preset--image--natural-1--image-1--content-left--13\"><img loading=\"lazy\" decoding=\"async\" width=\"1280\" height=\"1920\" class=\"wp-image-69\" src=\"http:\/\/imsconsorting.com\/wp-content\/uploads\/2026\/03\/cc2297ed0d976c37cbd460dfe1eedc430439fd68.jpg\" alt=\"\" style=\"aspect-ratio:4\/3;object-fit:cover\" srcset=\"http:\/\/imsconsorting.com\/wp-content\/uploads\/2026\/03\/cc2297ed0d976c37cbd460dfe1eedc430439fd68.jpg 1280w, http:\/\/imsconsorting.com\/wp-content\/uploads\/2026\/03\/cc2297ed0d976c37cbd460dfe1eedc430439fd68-200x300.jpg 200w, http:\/\/imsconsorting.com\/wp-content\/uploads\/2026\/03\/cc2297ed0d976c37cbd460dfe1eedc430439fd68-683x1024.jpg 683w, http:\/\/imsconsorting.com\/wp-content\/uploads\/2026\/03\/cc2297ed0d976c37cbd460dfe1eedc430439fd68-768x1152.jpg 768w, http:\/\/imsconsorting.com\/wp-content\/uploads\/2026\/03\/cc2297ed0d976c37cbd460dfe1eedc430439fd68-1024x1536.jpg 1024w, http:\/\/imsconsorting.com\/wp-content\/uploads\/2026\/03\/cc2297ed0d976c37cbd460dfe1eedc430439fd68-8x12.jpg 8w\" sizes=\"auto, (max-width: 1280px) 100vw, 1280px\" \/><\/figure>\n<\/div>\n<\/div>\n\n\n\n<div class=\"wp-block-buttons ext-animate--on is-content-justification-center is-layout-flex wp-container-core-buttons-is-layout-a89b3969 wp-block-buttons-is-layout-flex\">\n<div class=\"wp-block-button is-style-ext-preset--button--natural-1--button-1 is-style-ext-preset--button--natural-1--button-1--14\"><a class=\"wp-block-button__link wp-element-button\" href=\"http:\/\/imsconsorting.com\/en\/kontakt\/\">Poznaj szczeg\u00f3\u0142y<\/a><\/div>\n<\/div>\n<\/div>","protected":false},"excerpt":{"rendered":"<p>Profesjonalne doradztwo w zakresie infrastruktury technicznej Przedstawiamy zaanga\u017cowanie IMSConsorting w innowacyjne rozwi\u0105zania, kt\u00f3re zwi\u0119kszaj\u0105 efektywno\u015b\u0107 i niezawodno\u015b\u0107 infrastruktury. Innowacyjne rozwi\u0105zania infrastrukturalne Przedstawiamy wybrane projekty ilustruj\u0105ce nasz\u0105 wiedz\u0119 i do\u015bwiadczenie w bran\u017cy in\u017cynieryjnej. Sukcesy naszych klient\u00f3w w innowacyjnych projektach in\u017cynieryjnych Przedstawiamy szczeg\u00f3\u0142owo nasze realizacje, aby pokaza\u0107, jak IMSConsorting przekszta\u0142ca infrastruktur\u0119 techniczn\u0105 w praktyce. Przyk\u0142ad skutecznej modernizacji [&hellip;]<\/p>\n","protected":false},"author":1,"featured_media":0,"parent":0,"menu_order":0,"comment_status":"closed","ping_status":"closed","template":"page-with-title","meta":{"footnotes":""},"class_list":["post-35","page","type-page","status-publish","hentry"],"aioseo_notices":[],"_links":{"self":[{"href":"http:\/\/imsconsorting.com\/en\/wp-json\/wp\/v2\/pages\/35","targetHints":{"allow":["GET"]}}],"collection":[{"href":"http:\/\/imsconsorting.com\/en\/wp-json\/wp\/v2\/pages"}],"about":[{"href":"http:\/\/imsconsorting.com\/en\/wp-json\/wp\/v2\/types\/page"}],"author":[{"embeddable":true,"href":"http:\/\/imsconsorting.com\/en\/wp-json\/wp\/v2\/users\/1"}],"replies":[{"embeddable":true,"href":"http:\/\/imsconsorting.com\/en\/wp-json\/wp\/v2\/comments?post=35"}],"version-history":[{"count":2,"href":"http:\/\/imsconsorting.com\/en\/wp-json\/wp\/v2\/pages\/35\/revisions"}],"predecessor-version":[{"id":70,"href":"http:\/\/imsconsorting.com\/en\/wp-json\/wp\/v2\/pages\/35\/revisions\/70"}],"wp:attachment":[{"href":"http:\/\/imsconsorting.com\/en\/wp-json\/wp\/v2\/media?parent=35"}],"curies":[{"name":"wp","href":"https:\/\/api.w.org\/{rel}","templated":true}]}}