{"id":33,"date":"2026-03-04T19:36:47","date_gmt":"2026-03-04T18:36:47","guid":{"rendered":"http:\/\/imsconsorting.com\/kontakt\/"},"modified":"2026-03-04T20:19:47","modified_gmt":"2026-03-04T19:19:47","slug":"kontakt","status":"publish","type":"page","link":"http:\/\/imsconsorting.com\/en\/kontakt\/","title":{"rendered":"Kontakt"},"content":{"rendered":"<div class=\"wp-block-group alignfull is-style-ext-preset--group--natural-1--section has-tertiary-background-color has-background has-global-padding is-layout-constrained wp-block-group-is-layout-constrained\" style=\"margin-top:0;margin-bottom:0;padding-top:var(--wp--preset--spacing--70);padding-bottom:var(--wp--preset--spacing--70)\">\n<div class=\"wp-block-columns alignwide is-layout-flex wp-container-core-columns-is-layout-08c01c1c wp-block-columns-is-layout-flex\">\n<div class=\"wp-block-column is-vertically-aligned-center ext-animate--on is-layout-flow wp-block-column-is-layout-flow\">\n<figure class=\"wp-block-image is-style-ext-preset--image--natural-1--image-1--content-left is-style-ext-preset--image--natural-1--image-1--content-left--2\"><img loading=\"lazy\" decoding=\"async\" width=\"1440\" height=\"961\" src=\"http:\/\/imsconsorting.com\/wp-content\/uploads\/2026\/03\/4ce6d5d9395c8cf8bda0baaa08b385d804652bf9.jpg\" alt=\"\" class=\"wp-image-60\" style=\"aspect-ratio:4\/3;object-fit:cover\" srcset=\"http:\/\/imsconsorting.com\/wp-content\/uploads\/2026\/03\/4ce6d5d9395c8cf8bda0baaa08b385d804652bf9.jpg 1440w, http:\/\/imsconsorting.com\/wp-content\/uploads\/2026\/03\/4ce6d5d9395c8cf8bda0baaa08b385d804652bf9-300x200.jpg 300w, http:\/\/imsconsorting.com\/wp-content\/uploads\/2026\/03\/4ce6d5d9395c8cf8bda0baaa08b385d804652bf9-1024x683.jpg 1024w, http:\/\/imsconsorting.com\/wp-content\/uploads\/2026\/03\/4ce6d5d9395c8cf8bda0baaa08b385d804652bf9-768x513.jpg 768w, http:\/\/imsconsorting.com\/wp-content\/uploads\/2026\/03\/4ce6d5d9395c8cf8bda0baaa08b385d804652bf9-18x12.jpg 18w\" sizes=\"auto, (max-width: 1440px) 100vw, 1440px\" \/><\/figure>\n<\/div>\n\n\n\n<div class=\"wp-block-column is-vertically-aligned-stretch ext-animate--on is-layout-flow wp-block-column-is-layout-flow\">\n<div class=\"wp-block-group alignwide is-style-ext-preset--group--natural-1--item-card-1--align-start has-background-background-color has-background is-nowrap is-layout-flex wp-container-core-group-is-layout-bcde1d39 wp-block-group-is-layout-flex is-style-ext-preset--group--natural-1--item-card-1--align-start--3\" style=\"min-height:100%;padding-top:0;padding-right:0;padding-bottom:0;padding-left:0\">\n<div class=\"wp-block-group alignwide has-global-padding is-layout-constrained wp-container-core-group-is-layout-db1a079d wp-block-group-is-layout-constrained\" style=\"padding-top:var(--wp--preset--spacing--50);padding-right:var(--wp--preset--spacing--50);padding-bottom:var(--wp--preset--spacing--50);padding-left:var(--wp--preset--spacing--50)\">\n<p style=\"font-size:clamp(14px, 0.875rem + ((1vw - 3.2px) * 0.417), 18px);\">Znajd\u017a tutaj nasze dane kontaktowe, aby szybko i sprawnie nawi\u0105za\u0107 wsp\u00f3\u0142prac\u0119 z IMSConsorting.<\/p>\n\n\n\n<div class=\"wp-block-columns is-not-stacked-on-mobile is-layout-flex wp-container-core-columns-is-layout-6db7e666 wp-block-columns-is-layout-flex\">\n<div class=\"wp-block-column is-layout-flow wp-block-column-is-layout-flow\" style=\"padding-top:2px;flex-basis:24px\">\n<figure class=\"wp-block-image size-large wp-duotone-primary-foreground\"><img decoding=\"async\" src=\"data:image\/svg+xml;base64,PHN2ZyB4bWxucz0iaHR0cDovL3d3dy53My5vcmcvMjAwMC9zdmciIHdpZHRoPSIyNCIgaGVpZ2h0PSIyNCIgZmlsbD0iIzAwMDAwMCIgdmlld0JveD0iMCAwIDI1NiAyNTYiPjxwYXRoIGQ9Ik0yMDAsMjI0SDE1MC41NEEyNjYuNTYsMjY2LjU2LDAsMCwwLDE3NCwyMDAuMjVjMjcuNDUtMzEuNTcsNDItNjQuODUsNDItOTYuMjVhODgsODgsMCwwLDAtMTc2LDBjMCwzMS40LDE0LjUxLDY0LjY4LDQyLDk2LjI1QTI2Ni41NiwyNjYuNTYsMCwwLDAsMTA1LjQ2LDIyNEg1NmE4LDgsMCwwLDAsMCwxNkgyMDBhOCw4LDAsMCwwLDAtMTZaTTU2LDEwNGE3Miw3MiwwLDAsMSwxNDQsMGMwLDU3LjIzLTU1LjQ3LDEwNS03MiwxMThDMTExLjQ3LDIwOSw1NiwxNjEuMjMsNTYsMTA0Wm0xMTIsMGE0MCw0MCwwLDEsMC00MCw0MEE0MCw0MCwwLDAsMCwxNjgsMTA0Wm0tNjQsMGEyNCwyNCwwLDEsMSwyNCwyNEEyNCwyNCwwLDAsMSwxMDQsMTA0WiI+PC9wYXRoPjwvc3ZnPg==\" alt=\"\"\/><\/figure>\n<\/div>\n\n\n\n<div class=\"wp-block-column is-layout-flow wp-container-core-column-is-layout-8a368f38 wp-block-column-is-layout-flow\">\n<p class=\"has-medium-font-size\" style=\"font-style:normal;font-weight:500\">Pl. Orl\u0105t Lwowskich 20A, 53-605 Wroc\u0142aw, Polska<\/p>\n\n\n\n<p class=\"has-medium-font-size\" style=\"margin-top:0;margin-bottom:0;font-style:normal;font-weight:500\"><\/p>\n<\/div>\n<\/div>\n\n\n\n<div class=\"wp-block-columns are-vertically-aligned-center is-not-stacked-on-mobile is-layout-flex wp-container-core-columns-is-layout-6db7e666 wp-block-columns-is-layout-flex\">\n<div class=\"wp-block-column is-vertically-aligned-center is-layout-flow wp-block-column-is-layout-flow\" style=\"flex-basis:24px\">\n<figure class=\"wp-block-image size-large wp-duotone-primary-foreground\"><img decoding=\"async\" src=\"data:image\/svg+xml;base64,PHN2ZyB4bWxucz0iaHR0cDovL3d3dy53My5vcmcvMjAwMC9zdmciIHdpZHRoPSIyNCIgaGVpZ2h0PSIyNCIgZmlsbD0iIzAwMDAwMCIgdmlld0JveD0iMCAwIDI1NiAyNTYiPjxwYXRoIGQ9Ik0yMjIuMzcsMTU4LjQ2bC00Ny4xMS0yMS4xMS0uMTMtLjA2YTE2LDE2LDAsMCwwLTE1LjE3LDEuNCw4LjEyLDguMTIsMCwwLDAtLjc1LjU2TDEzNC44NywxNjBjLTE1LjQyLTcuNDktMzEuMzQtMjMuMjktMzguODMtMzguNTFsMjAuNzgtMjQuNzFjLjItLjI1LjM5LS41LjU3LS43N2ExNiwxNiwwLDAsMCwxLjMyLTE1LjA2bDAtLjEyTDk3LjU0LDMzLjY0YTE2LDE2LDAsMCwwLTE2LjYyLTkuNTJBNTYuMjYsNTYuMjYsMCwwLDAsMzIsODBjMCw3OS40LDY0LjYsMTQ0LDE0NCwxNDRhNTYuMjYsNTYuMjYsMCwwLDAsNTUuODgtNDguOTJBMTYsMTYsMCwwLDAsMjIyLjM3LDE1OC40NlpNMTc2LDIwOEExMjguMTQsMTI4LjE0LDAsMCwxLDQ4LDgwLDQwLjIsNDAuMiwwLDAsMSw4Mi44Nyw0MGEuNjEuNjEsMCwwLDAsMCwuMTJsMjEsNDdMODMuMiwxMTEuODZhNi4xMyw2LjEzLDAsMCwwLS41Ny43NywxNiwxNiwwLDAsMC0xLDE1LjdjOS4wNiwxOC41MywyNy43MywzNy4wNiw0Ni40Niw0Ni4xMWExNiwxNiwwLDAsMCwxNS43NS0xLjE0LDguNDQsOC40NCwwLDAsMCwuNzQtLjU2TDE2OC44OSwxNTJsNDcsMjEuMDVoMHMuMDgsMCwuMTEsMEE0MC4yMSw0MC4yMSwwLDAsMSwxNzYsMjA4WiI+PC9wYXRoPjwvc3ZnPg==\" alt=\"\"\/><\/figure>\n<\/div>\n\n\n\n<div class=\"wp-block-column is-vertically-aligned-center is-layout-flow wp-container-core-column-is-layout-8a368f38 wp-block-column-is-layout-flow\">\n<p class=\"has-medium-font-size\" style=\"font-style:normal;font-weight:500\">+48 516 870 797<\/p>\n<\/div>\n<\/div>\n\n\n\n<div class=\"wp-block-columns are-vertically-aligned-center is-not-stacked-on-mobile is-layout-flex wp-container-core-columns-is-layout-6db7e666 wp-block-columns-is-layout-flex\">\n<div class=\"wp-block-column is-vertically-aligned-center is-layout-flow wp-block-column-is-layout-flow\" style=\"flex-basis:24px\">\n<figure class=\"wp-block-image size-large wp-duotone-primary-foreground\"><img decoding=\"async\" src=\"data:image\/svg+xml;base64,PHN2ZyB4bWxucz0iaHR0cDovL3d3dy53My5vcmcvMjAwMC9zdmciIHdpZHRoPSIyNCIgaGVpZ2h0PSIyNCIgZmlsbD0iIzAwMDAwMCIgdmlld0JveD0iMCAwIDI1NiAyNTYiPjxwYXRoIGQ9Ik0yMjQsNDhIMzJhOCw4LDAsMCwwLTgsOFYxOTJhMTYsMTYsMCwwLDAsMTYsMTZIMjE2YTE2LDE2LDAsMCwwLDE2LTE2VjU2QTgsOCwwLDAsMCwyMjQsNDhaTTIwMy40Myw2NCwxMjgsMTMzLjE1LDUyLjU3LDY0Wk0yMTYsMTkySDQwVjc0LjE5bDgyLjU5LDc1LjcxYTgsOCwwLDAsMCwxMC44MiwwTDIxNiw3NC4xOVYxOTJaIj48L3BhdGg+PC9zdmc+\" alt=\"\"\/><\/figure>\n<\/div>\n\n\n\n<div class=\"wp-block-column is-vertically-aligned-center is-layout-flow wp-container-core-column-is-layout-8a368f38 wp-block-column-is-layout-flow\">\n<p class=\"has-medium-font-size\" style=\"font-style:normal;font-weight:500\">biuro@imsconsorting.com<\/p>\n<\/div>\n<\/div>\n<\/div>\n<\/div>\n<\/div>\n<\/div>\n<\/div>","protected":false},"excerpt":{"rendered":"<p>Znajd\u017a tutaj nasze dane kontaktowe, aby szybko i sprawnie nawi\u0105za\u0107 wsp\u00f3\u0142prac\u0119 z IMSConsorting. Pl. Orl\u0105t Lwowskich 20A, 53-605 Wroc\u0142aw, Polska +48 516 870 797 biuro@imsconsorting.com<\/p>","protected":false},"author":1,"featured_media":0,"parent":0,"menu_order":0,"comment_status":"closed","ping_status":"closed","template":"page-with-title","meta":{"footnotes":""},"class_list":["post-33","page","type-page","status-publish","hentry"],"aioseo_notices":[],"_links":{"self":[{"href":"http:\/\/imsconsorting.com\/en\/wp-json\/wp\/v2\/pages\/33","targetHints":{"allow":["GET"]}}],"collection":[{"href":"http:\/\/imsconsorting.com\/en\/wp-json\/wp\/v2\/pages"}],"about":[{"href":"http:\/\/imsconsorting.com\/en\/wp-json\/wp\/v2\/types\/page"}],"author":[{"embeddable":true,"href":"http:\/\/imsconsorting.com\/en\/wp-json\/wp\/v2\/users\/1"}],"replies":[{"embeddable":true,"href":"http:\/\/imsconsorting.com\/en\/wp-json\/wp\/v2\/comments?post=33"}],"version-history":[{"count":3,"href":"http:\/\/imsconsorting.com\/en\/wp-json\/wp\/v2\/pages\/33\/revisions"}],"predecessor-version":[{"id":89,"href":"http:\/\/imsconsorting.com\/en\/wp-json\/wp\/v2\/pages\/33\/revisions\/89"}],"wp:attachment":[{"href":"http:\/\/imsconsorting.com\/en\/wp-json\/wp\/v2\/media?parent=33"}],"curies":[{"name":"wp","href":"https:\/\/api.w.org\/{rel}","templated":true}]}}